{"id":44,"date":"2022-09-16T06:26:30","date_gmt":"2022-09-16T06:26:30","guid":{"rendered":"https:\/\/nesma.sarmini.dev\/?page_id=44"},"modified":"2022-09-25T12:44:44","modified_gmt":"2022-09-25T12:44:44","slug":"koleksiyonlarimiz","status":"publish","type":"page","link":"https:\/\/nesmahome.com\/ar\/koleksiyonlarimiz\/","title":{"rendered":"\u0645\u0646\u062a\u062c\u0627\u062a\u0646\u0627"},"content":{"rendered":"<div data-elementor-type=\"wp-page\" data-elementor-id=\"44\" class=\"elementor elementor-44\">\n\t\t\t\t\t\t\t\t\t<section class=\"elementor-section elementor-top-section elementor-element elementor-element-72c5614 elementor-section-boxed elementor-section-height-default elementor-section-height-default\" data-id=\"72c5614\" data-element_type=\"section\">\n\t\t\t\t\t\t<div class=\"elementor-container elementor-column-gap-default\">\n\t\t\t\t\t<div class=\"elementor-column elementor-col-100 elementor-top-column elementor-element elementor-element-2097447\" data-id=\"2097447\" data-element_type=\"column\">\n\t\t\t<div class=\"elementor-widget-wrap elementor-element-populated\">\n\t\t\t\t\t\t\t\t<div class=\"elementor-element elementor-element-61bcfda elementor-widget elementor-widget-jet-listing-grid\" data-id=\"61bcfda\" data-element_type=\"widget\" data-settings=\"{&quot;columns&quot;:3,&quot;columns_tablet&quot;:&quot;2&quot;,&quot;columns_mobile&quot;:&quot;1&quot;}\" data-widget_type=\"jet-listing-grid.default\">\n\t\t\t\t<div class=\"elementor-widget-container\">\n\t\t\t<div class=\"jet-listing-grid jet-listing\"><div class=\"jet-listing-grid__items grid-col-desk-3 grid-col-tablet-2 grid-col-mobile-1 jet-listing-grid--613\"  data-nav=\"{&quot;enabled&quot;:true,&quot;type&quot;:&quot;scroll&quot;,&quot;more_el&quot;:null,&quot;query&quot;:{&quot;post_status&quot;:[&quot;publish&quot;],&quot;post_type&quot;:&quot;urun&quot;,&quot;posts_per_page&quot;:&quot;6&quot;,&quot;paged&quot;:&quot;1&quot;,&quot;ignore_sticky_posts&quot;:&quot;1&quot;},&quot;widget_settings&quot;:{&quot;lisitng_id&quot;:613,&quot;posts_num&quot;:6,&quot;columns&quot;:3,&quot;columns_tablet&quot;:2,&quot;columns_mobile&quot;:1,&quot;is_archive_template&quot;:&quot;&quot;,&quot;post_status&quot;:[&quot;publish&quot;],&quot;use_random_posts_num&quot;:&quot;&quot;,&quot;max_posts_num&quot;:9,&quot;not_found_message&quot;:&quot;No data was found&quot;,&quot;is_masonry&quot;:false,&quot;equal_columns_height&quot;:&quot;&quot;,&quot;use_load_more&quot;:&quot;yes&quot;,&quot;load_more_id&quot;:&quot;&quot;,&quot;load_more_type&quot;:&quot;scroll&quot;,&quot;use_custom_post_types&quot;:&quot;&quot;,&quot;custom_post_types&quot;:[],&quot;hide_widget_if&quot;:&quot;&quot;,&quot;carousel_enabled&quot;:&quot;&quot;,&quot;slides_to_scroll&quot;:&quot;1&quot;,&quot;arrows&quot;:&quot;true&quot;,&quot;arrow_icon&quot;:&quot;fa fa-angle-left&quot;,&quot;dots&quot;:&quot;&quot;,&quot;autoplay&quot;:&quot;true&quot;,&quot;autoplay_speed&quot;:5000,&quot;infinite&quot;:&quot;true&quot;,&quot;center_mode&quot;:&quot;&quot;,&quot;effect&quot;:&quot;slide&quot;,&quot;speed&quot;:500,&quot;inject_alternative_items&quot;:&quot;&quot;,&quot;injection_items&quot;:[],&quot;scroll_slider_enabled&quot;:&quot;&quot;,&quot;scroll_slider_on&quot;:[&quot;desktop&quot;,&quot;tablet&quot;,&quot;mobile&quot;],&quot;custom_query&quot;:false,&quot;custom_query_id&quot;:&quot;&quot;,&quot;_element_id&quot;:&quot;&quot;}}\" data-page=\"1\" data-pages=\"1\" data-listing-source=\"posts\"><style>.elementor-613 .elementor-element.elementor-element-8e185c4{box-shadow:0px 0px 27px -3px rgba(0,0,0,0.5);padding:0px 0px 0px 0px;}.elementor-613 .elementor-element.elementor-element-f90b667 > .elementor-element-populated{padding:0px 0px 0px 0px;}.elementor-613 .elementor-element.elementor-element-5881c5e > .elementor-container{min-height:207px;}.elementor-613 .elementor-element.elementor-element-5881c5e:not(.elementor-motion-effects-element-type-background), .elementor-613 .elementor-element.elementor-element-5881c5e > .elementor-motion-effects-container > .elementor-motion-effects-layer{background-position:center center;background-size:cover;}.elementor-613 .elementor-element.elementor-element-5881c5e{transition:background 0.3s, border 0.3s, border-radius 0.3s, box-shadow 0.3s;margin-top:0px;margin-bottom:0px;}.elementor-613 .elementor-element.elementor-element-5881c5e > .elementor-background-overlay{transition:background 0.3s, border-radius 0.3s, opacity 0.3s;}.elementor-613 .elementor-element.elementor-element-76d8c36 > .elementor-element-populated{margin:0px 0px 0px 0px;--e-column-margin-right:0px;--e-column-margin-left:0px;padding:7px 7px 7px 7px;}.elementor-613 .elementor-element.elementor-element-39f6d62{text-align:center;}.elementor-613 .elementor-element.elementor-element-39f6d62 .elementor-heading-title{color:var( --e-global-color-secondary );font-size:28px;}.elementor-613 .elementor-element.elementor-element-39f6d62 > .elementor-widget-container{padding:0px 0px 0px 0px;}.elementor-613 .elementor-element.elementor-element-7c9cb02 .jet-listing-dynamic-link__link{align-self:center;font-size:15px;flex-direction:row;}.elementor-613 .elementor-element.elementor-element-7c9cb02 .jet-listing-dynamic-link__icon{order:1;}.elementor-613 .elementor-element.elementor-element-7c9cb02 > .elementor-widget-container{margin:-17px 0px 0px 0px;}<\/style><div class=\"jet-listing-grid__item jet-listing-dynamic-post-1132\" data-post-id=\"1132\" ><style type=\"text\/css\">.jet-listing-dynamic-post-1132 .elementor-element.elementor-element-5881c5e:not(.elementor-motion-effects-element-type-background), .jet-listing-dynamic-post-1132 .elementor-element.elementor-element-5881c5e > .elementor-motion-effects-container > .elementor-motion-effects-layer{background-image:url(\"https:\/\/nesmahome.com\/wp-content\/uploads\/2022\/12\/WhatsApp-Image-2022-07-18-at-18.34.20.jpeg\");}<\/style><div class=\"jet-engine-listing-overlay-wrap\" data-url=\"https:\/\/nesmahome.com\/ar\/urun\/odessa-yatak-odasi\/\">\t\t<div data-elementor-type=\"jet-listing-items\" data-elementor-id=\"613\" class=\"elementor elementor-613\">\n\t\t\t\t\t\t\t\t\t<section class=\"elementor-section elementor-top-section elementor-element elementor-element-8e185c4 elementor-section-full_width elementor-section-height-default elementor-section-height-default\" data-id=\"8e185c4\" data-element_type=\"section\">\n\t\t\t\t\t\t<div class=\"elementor-container elementor-column-gap-default\">\n\t\t\t\t\t<div class=\"elementor-column elementor-col-100 elementor-top-column elementor-element elementor-element-f90b667\" data-id=\"f90b667\" data-element_type=\"column\">\n\t\t\t<div class=\"elementor-widget-wrap elementor-element-populated\">\n\t\t\t\t\t\t\t\t<section class=\"elementor-section elementor-inner-section elementor-element elementor-element-5881c5e elementor-section-full_width elementor-section-height-min-height elementor-section-height-default\" data-id=\"5881c5e\" data-element_type=\"section\" data-settings=\"{&quot;background_background&quot;:&quot;classic&quot;}\">\n\t\t\t\t\t\t<div class=\"elementor-container elementor-column-gap-default\">\n\t\t\t\t\t<div class=\"elementor-column elementor-col-100 elementor-inner-column elementor-element elementor-element-4c32ec9\" data-id=\"4c32ec9\" data-element_type=\"column\">\n\t\t\t<div class=\"elementor-widget-wrap\">\n\t\t\t\t\t\t\t\t\t<\/div>\n\t\t<\/div>\n\t\t\t\t\t\t\t<\/div>\n\t\t<\/section>\n\t\t\t\t<section class=\"elementor-section elementor-inner-section elementor-element elementor-element-3696f61 elementor-section-boxed elementor-section-height-default elementor-section-height-default\" data-id=\"3696f61\" data-element_type=\"section\">\n\t\t\t\t\t\t<div class=\"elementor-container elementor-column-gap-default\">\n\t\t\t\t\t<div class=\"elementor-column elementor-col-100 elementor-inner-column elementor-element elementor-element-76d8c36\" data-id=\"76d8c36\" data-element_type=\"column\">\n\t\t\t<div class=\"elementor-widget-wrap elementor-element-populated\">\n\t\t\t\t\t\t\t\t<div class=\"elementor-element elementor-element-39f6d62 elementor-widget elementor-widget-heading\" data-id=\"39f6d62\" data-element_type=\"widget\" data-widget_type=\"heading.default\">\n\t\t\t\t<div class=\"elementor-widget-container\">\n\t\t\t<style>\/*! elementor - v3.7.8 - 02-10-2022 *\/\n.elementor-heading-title{padding:0;margin:0;line-height:1}.elementor-widget-heading .elementor-heading-title[class*=elementor-size-]>a{color:inherit;font-size:inherit;line-height:inherit}.elementor-widget-heading .elementor-heading-title.elementor-size-small{font-size:15px}.elementor-widget-heading .elementor-heading-title.elementor-size-medium{font-size:19px}.elementor-widget-heading .elementor-heading-title.elementor-size-large{font-size:29px}.elementor-widget-heading .elementor-heading-title.elementor-size-xl{font-size:39px}.elementor-widget-heading .elementor-heading-title.elementor-size-xxl{font-size:59px}<\/style><h2 class=\"elementor-heading-title elementor-size-default\"><a href=\"https:\/\/nesmahome.com\/ar\/urun\/odessa-yatak-odasi\/\">Odessa Yatak Odas\u0131<\/a><\/h2>\t\t<\/div>\n\t\t\t\t<\/div>\n\t\t\t\t<div class=\"elementor-element elementor-element-7c9cb02 elementor-widget elementor-widget-jet-listing-dynamic-link\" data-id=\"7c9cb02\" data-element_type=\"widget\" data-widget_type=\"jet-listing-dynamic-link.default\">\n\t\t\t\t<div class=\"elementor-widget-container\">\n\t\t\t<div class=\"jet-listing jet-listing-dynamic-link\"><a href=\"https:\/\/nesmahome.com\/ar\/urun\/odessa-yatak-odasi\/\" class=\"jet-listing-dynamic-link__link\"><span class=\"jet-listing-dynamic-link__label\">\u0634\u0627\u0647\u062f \u0627\u0644\u0635\u0648\u0631<\/span><\/a><\/div>\t\t<\/div>\n\t\t\t\t<\/div>\n\t\t\t\t\t<\/div>\n\t\t<\/div>\n\t\t\t\t\t\t\t<\/div>\n\t\t<\/section>\n\t\t\t\t\t<\/div>\n\t\t<\/div>\n\t\t\t\t\t\t\t<\/div>\n\t\t<\/section>\n\t\t\t\t\t\t\t<\/div>\n\t\t<a href=\"https:\/\/nesmahome.com\/ar\/urun\/odessa-yatak-odasi\/\" class=\"jet-engine-listing-overlay-link\"><\/a><\/div><\/div><div class=\"jet-listing-grid__item jet-listing-dynamic-post-1124\" data-post-id=\"1124\" ><style type=\"text\/css\">.jet-listing-dynamic-post-1124 .elementor-element.elementor-element-5881c5e:not(.elementor-motion-effects-element-type-background), .jet-listing-dynamic-post-1124 .elementor-element.elementor-element-5881c5e > .elementor-motion-effects-container > .elementor-motion-effects-layer{background-image:url(\"https:\/\/nesmahome.com\/wp-content\/uploads\/2022\/12\/NESMA_98539-scaled.jpg\");}<\/style><div class=\"jet-engine-listing-overlay-wrap\" data-url=\"https:\/\/nesmahome.com\/ar\/urun\/polen-yatak-odasi\/\">\t\t<div data-elementor-type=\"jet-listing-items\" data-elementor-id=\"613\" class=\"elementor elementor-613\">\n\t\t\t\t\t\t\t\t\t<section class=\"elementor-section elementor-top-section elementor-element elementor-element-8e185c4 elementor-section-full_width elementor-section-height-default elementor-section-height-default\" data-id=\"8e185c4\" data-element_type=\"section\">\n\t\t\t\t\t\t<div class=\"elementor-container elementor-column-gap-default\">\n\t\t\t\t\t<div class=\"elementor-column elementor-col-100 elementor-top-column elementor-element elementor-element-f90b667\" data-id=\"f90b667\" data-element_type=\"column\">\n\t\t\t<div class=\"elementor-widget-wrap elementor-element-populated\">\n\t\t\t\t\t\t\t\t<section class=\"elementor-section elementor-inner-section elementor-element elementor-element-5881c5e elementor-section-full_width elementor-section-height-min-height elementor-section-height-default\" data-id=\"5881c5e\" data-element_type=\"section\" data-settings=\"{&quot;background_background&quot;:&quot;classic&quot;}\">\n\t\t\t\t\t\t<div class=\"elementor-container elementor-column-gap-default\">\n\t\t\t\t\t<div class=\"elementor-column elementor-col-100 elementor-inner-column elementor-element elementor-element-4c32ec9\" data-id=\"4c32ec9\" data-element_type=\"column\">\n\t\t\t<div class=\"elementor-widget-wrap\">\n\t\t\t\t\t\t\t\t\t<\/div>\n\t\t<\/div>\n\t\t\t\t\t\t\t<\/div>\n\t\t<\/section>\n\t\t\t\t<section class=\"elementor-section elementor-inner-section elementor-element elementor-element-3696f61 elementor-section-boxed elementor-section-height-default elementor-section-height-default\" data-id=\"3696f61\" data-element_type=\"section\">\n\t\t\t\t\t\t<div class=\"elementor-container elementor-column-gap-default\">\n\t\t\t\t\t<div class=\"elementor-column elementor-col-100 elementor-inner-column elementor-element elementor-element-76d8c36\" data-id=\"76d8c36\" data-element_type=\"column\">\n\t\t\t<div class=\"elementor-widget-wrap elementor-element-populated\">\n\t\t\t\t\t\t\t\t<div class=\"elementor-element elementor-element-39f6d62 elementor-widget elementor-widget-heading\" data-id=\"39f6d62\" data-element_type=\"widget\" data-widget_type=\"heading.default\">\n\t\t\t\t<div class=\"elementor-widget-container\">\n\t\t\t<h2 class=\"elementor-heading-title elementor-size-default\"><a href=\"https:\/\/nesmahome.com\/ar\/urun\/polen-yatak-odasi\/\">Polen Yatak Odas\u0131<\/a><\/h2>\t\t<\/div>\n\t\t\t\t<\/div>\n\t\t\t\t<div class=\"elementor-element elementor-element-7c9cb02 elementor-widget elementor-widget-jet-listing-dynamic-link\" data-id=\"7c9cb02\" data-element_type=\"widget\" data-widget_type=\"jet-listing-dynamic-link.default\">\n\t\t\t\t<div class=\"elementor-widget-container\">\n\t\t\t<div class=\"jet-listing jet-listing-dynamic-link\"><a href=\"https:\/\/nesmahome.com\/ar\/urun\/polen-yatak-odasi\/\" class=\"jet-listing-dynamic-link__link\"><span class=\"jet-listing-dynamic-link__label\">\u0634\u0627\u0647\u062f \u0627\u0644\u0635\u0648\u0631<\/span><\/a><\/div>\t\t<\/div>\n\t\t\t\t<\/div>\n\t\t\t\t\t<\/div>\n\t\t<\/div>\n\t\t\t\t\t\t\t<\/div>\n\t\t<\/section>\n\t\t\t\t\t<\/div>\n\t\t<\/div>\n\t\t\t\t\t\t\t<\/div>\n\t\t<\/section>\n\t\t\t\t\t\t\t<\/div>\n\t\t<a href=\"https:\/\/nesmahome.com\/ar\/urun\/polen-yatak-odasi\/\" class=\"jet-engine-listing-overlay-link\"><\/a><\/div><\/div><div class=\"jet-listing-grid__item jet-listing-dynamic-post-1118\" data-post-id=\"1118\" ><style type=\"text\/css\">.jet-listing-dynamic-post-1118 .elementor-element.elementor-element-5881c5e:not(.elementor-motion-effects-element-type-background), .jet-listing-dynamic-post-1118 .elementor-element.elementor-element-5881c5e > .elementor-motion-effects-container > .elementor-motion-effects-layer{background-image:url(\"https:\/\/nesmahome.com\/wp-content\/uploads\/2022\/09\/2-1.jpg\");}<\/style><div class=\"jet-engine-listing-overlay-wrap\" data-url=\"https:\/\/nesmahome.com\/ar\/urun\/lamis-yatak-odasi\/\">\t\t<div data-elementor-type=\"jet-listing-items\" data-elementor-id=\"613\" class=\"elementor elementor-613\">\n\t\t\t\t\t\t\t\t\t<section class=\"elementor-section elementor-top-section elementor-element elementor-element-8e185c4 elementor-section-full_width elementor-section-height-default elementor-section-height-default\" data-id=\"8e185c4\" data-element_type=\"section\">\n\t\t\t\t\t\t<div class=\"elementor-container elementor-column-gap-default\">\n\t\t\t\t\t<div class=\"elementor-column elementor-col-100 elementor-top-column elementor-element elementor-element-f90b667\" data-id=\"f90b667\" data-element_type=\"column\">\n\t\t\t<div class=\"elementor-widget-wrap elementor-element-populated\">\n\t\t\t\t\t\t\t\t<section class=\"elementor-section elementor-inner-section elementor-element elementor-element-5881c5e elementor-section-full_width elementor-section-height-min-height elementor-section-height-default\" data-id=\"5881c5e\" data-element_type=\"section\" data-settings=\"{&quot;background_background&quot;:&quot;classic&quot;}\">\n\t\t\t\t\t\t<div class=\"elementor-container elementor-column-gap-default\">\n\t\t\t\t\t<div class=\"elementor-column elementor-col-100 elementor-inner-column elementor-element elementor-element-4c32ec9\" data-id=\"4c32ec9\" data-element_type=\"column\">\n\t\t\t<div class=\"elementor-widget-wrap\">\n\t\t\t\t\t\t\t\t\t<\/div>\n\t\t<\/div>\n\t\t\t\t\t\t\t<\/div>\n\t\t<\/section>\n\t\t\t\t<section class=\"elementor-section elementor-inner-section elementor-element elementor-element-3696f61 elementor-section-boxed elementor-section-height-default elementor-section-height-default\" data-id=\"3696f61\" data-element_type=\"section\">\n\t\t\t\t\t\t<div class=\"elementor-container elementor-column-gap-default\">\n\t\t\t\t\t<div class=\"elementor-column elementor-col-100 elementor-inner-column elementor-element elementor-element-76d8c36\" data-id=\"76d8c36\" data-element_type=\"column\">\n\t\t\t<div class=\"elementor-widget-wrap elementor-element-populated\">\n\t\t\t\t\t\t\t\t<div class=\"elementor-element elementor-element-39f6d62 elementor-widget elementor-widget-heading\" data-id=\"39f6d62\" data-element_type=\"widget\" data-widget_type=\"heading.default\">\n\t\t\t\t<div class=\"elementor-widget-container\">\n\t\t\t<h2 class=\"elementor-heading-title elementor-size-default\"><a href=\"https:\/\/nesmahome.com\/ar\/urun\/lamis-yatak-odasi\/\">\u063a\u0631\u0641\u0629 \u0646\u0648\u0645 \u0644\u0645\u064a\u0633<\/a><\/h2>\t\t<\/div>\n\t\t\t\t<\/div>\n\t\t\t\t<div class=\"elementor-element elementor-element-7c9cb02 elementor-widget elementor-widget-jet-listing-dynamic-link\" data-id=\"7c9cb02\" data-element_type=\"widget\" data-widget_type=\"jet-listing-dynamic-link.default\">\n\t\t\t\t<div class=\"elementor-widget-container\">\n\t\t\t<div class=\"jet-listing jet-listing-dynamic-link\"><a href=\"https:\/\/nesmahome.com\/ar\/urun\/lamis-yatak-odasi\/\" class=\"jet-listing-dynamic-link__link\"><span class=\"jet-listing-dynamic-link__label\">\u0634\u0627\u0647\u062f \u0627\u0644\u0635\u0648\u0631<\/span><\/a><\/div>\t\t<\/div>\n\t\t\t\t<\/div>\n\t\t\t\t\t<\/div>\n\t\t<\/div>\n\t\t\t\t\t\t\t<\/div>\n\t\t<\/section>\n\t\t\t\t\t<\/div>\n\t\t<\/div>\n\t\t\t\t\t\t\t<\/div>\n\t\t<\/section>\n\t\t\t\t\t\t\t<\/div>\n\t\t<a href=\"https:\/\/nesmahome.com\/ar\/urun\/lamis-yatak-odasi\/\" class=\"jet-engine-listing-overlay-link\"><\/a><\/div><\/div><div class=\"jet-listing-grid__item jet-listing-dynamic-post-1103\" data-post-id=\"1103\" ><style type=\"text\/css\">.jet-listing-dynamic-post-1103 .elementor-element.elementor-element-5881c5e:not(.elementor-motion-effects-element-type-background), .jet-listing-dynamic-post-1103 .elementor-element.elementor-element-5881c5e > .elementor-motion-effects-container > .elementor-motion-effects-layer{background-image:url(\"https:\/\/nesmahome.com\/wp-content\/uploads\/2022\/12\/NESMA_98508-scaled.jpg\");}<\/style><div class=\"jet-engine-listing-overlay-wrap\" data-url=\"https:\/\/nesmahome.com\/ar\/urun\/saray-yatak-odasi\/\">\t\t<div data-elementor-type=\"jet-listing-items\" data-elementor-id=\"613\" class=\"elementor elementor-613\">\n\t\t\t\t\t\t\t\t\t<section class=\"elementor-section elementor-top-section elementor-element elementor-element-8e185c4 elementor-section-full_width elementor-section-height-default elementor-section-height-default\" data-id=\"8e185c4\" data-element_type=\"section\">\n\t\t\t\t\t\t<div class=\"elementor-container elementor-column-gap-default\">\n\t\t\t\t\t<div class=\"elementor-column elementor-col-100 elementor-top-column elementor-element elementor-element-f90b667\" data-id=\"f90b667\" data-element_type=\"column\">\n\t\t\t<div class=\"elementor-widget-wrap elementor-element-populated\">\n\t\t\t\t\t\t\t\t<section class=\"elementor-section elementor-inner-section elementor-element elementor-element-5881c5e elementor-section-full_width elementor-section-height-min-height elementor-section-height-default\" data-id=\"5881c5e\" data-element_type=\"section\" data-settings=\"{&quot;background_background&quot;:&quot;classic&quot;}\">\n\t\t\t\t\t\t<div class=\"elementor-container elementor-column-gap-default\">\n\t\t\t\t\t<div class=\"elementor-column elementor-col-100 elementor-inner-column elementor-element elementor-element-4c32ec9\" data-id=\"4c32ec9\" data-element_type=\"column\">\n\t\t\t<div class=\"elementor-widget-wrap\">\n\t\t\t\t\t\t\t\t\t<\/div>\n\t\t<\/div>\n\t\t\t\t\t\t\t<\/div>\n\t\t<\/section>\n\t\t\t\t<section class=\"elementor-section elementor-inner-section elementor-element elementor-element-3696f61 elementor-section-boxed elementor-section-height-default elementor-section-height-default\" data-id=\"3696f61\" data-element_type=\"section\">\n\t\t\t\t\t\t<div class=\"elementor-container elementor-column-gap-default\">\n\t\t\t\t\t<div class=\"elementor-column elementor-col-100 elementor-inner-column elementor-element elementor-element-76d8c36\" data-id=\"76d8c36\" data-element_type=\"column\">\n\t\t\t<div class=\"elementor-widget-wrap elementor-element-populated\">\n\t\t\t\t\t\t\t\t<div class=\"elementor-element elementor-element-39f6d62 elementor-widget elementor-widget-heading\" data-id=\"39f6d62\" data-element_type=\"widget\" data-widget_type=\"heading.default\">\n\t\t\t\t<div class=\"elementor-widget-container\">\n\t\t\t<h2 class=\"elementor-heading-title elementor-size-default\"><a href=\"https:\/\/nesmahome.com\/ar\/urun\/saray-yatak-odasi\/\">Saray Yatak Odas\u0131<\/a><\/h2>\t\t<\/div>\n\t\t\t\t<\/div>\n\t\t\t\t<div class=\"elementor-element elementor-element-7c9cb02 elementor-widget elementor-widget-jet-listing-dynamic-link\" data-id=\"7c9cb02\" data-element_type=\"widget\" data-widget_type=\"jet-listing-dynamic-link.default\">\n\t\t\t\t<div class=\"elementor-widget-container\">\n\t\t\t<div class=\"jet-listing jet-listing-dynamic-link\"><a href=\"https:\/\/nesmahome.com\/ar\/urun\/saray-yatak-odasi\/\" class=\"jet-listing-dynamic-link__link\"><span class=\"jet-listing-dynamic-link__label\">\u0634\u0627\u0647\u062f \u0627\u0644\u0635\u0648\u0631<\/span><\/a><\/div>\t\t<\/div>\n\t\t\t\t<\/div>\n\t\t\t\t\t<\/div>\n\t\t<\/div>\n\t\t\t\t\t\t\t<\/div>\n\t\t<\/section>\n\t\t\t\t\t<\/div>\n\t\t<\/div>\n\t\t\t\t\t\t\t<\/div>\n\t\t<\/section>\n\t\t\t\t\t\t\t<\/div>\n\t\t<a href=\"https:\/\/nesmahome.com\/ar\/urun\/saray-yatak-odasi\/\" class=\"jet-engine-listing-overlay-link\"><\/a><\/div><\/div><\/div><div class=\"jet-listing-grid__loader\"><div class=\"jet-listing-grid__loader-spinner\"><\/div><\/div><\/div>\t\t<\/div>\n\t\t\t\t<\/div>\n\t\t\t\t\t<\/div>\n\t\t<\/div>\n\t\t\t\t\t\t\t<\/div>\n\t\t<\/section>\n\t\t\t\t\t\t\t<\/div>","protected":false},"excerpt":{"rendered":"<p>FOTO\u011eRAFLARI G\u00d6R > FOTO\u011eRAFLARI G\u00d6R > FOTO\u011eRAFLARI G\u00d6R ><\/p>","protected":false},"author":1,"featured_media":0,"parent":0,"menu_order":0,"comment_status":"closed","ping_status":"closed","template":"","meta":{"footnotes":""},"class_list":["post-44","page","type-page","status-publish","hentry"],"_links":{"self":[{"href":"https:\/\/nesmahome.com\/ar\/wp-json\/wp\/v2\/pages\/44","targetHints":{"allow":["GET"]}}],"collection":[{"href":"https:\/\/nesmahome.com\/ar\/wp-json\/wp\/v2\/pages"}],"about":[{"href":"https:\/\/nesmahome.com\/ar\/wp-json\/wp\/v2\/types\/page"}],"author":[{"embeddable":true,"href":"https:\/\/nesmahome.com\/ar\/wp-json\/wp\/v2\/users\/1"}],"replies":[{"embeddable":true,"href":"https:\/\/nesmahome.com\/ar\/wp-json\/wp\/v2\/comments?post=44"}],"version-history":[{"count":0,"href":"https:\/\/nesmahome.com\/ar\/wp-json\/wp\/v2\/pages\/44\/revisions"}],"wp:attachment":[{"href":"https:\/\/nesmahome.com\/ar\/wp-json\/wp\/v2\/media?parent=44"}],"curies":[{"name":"wp","href":"https:\/\/api.w.org\/{rel}","templated":true}]}}